{"id":19,"date":"2015-06-23T16:14:44","date_gmt":"2015-06-23T14:14:44","guid":{"rendered":"http:\/\/kristina-sretkova.com\/wordpress2015\/de\/?page_id=19"},"modified":"2016-02-05T11:38:09","modified_gmt":"2016-02-05T10:38:09","slug":"bulgarien","status":"publish","type":"page","link":"http:\/\/kristina-sretkova.com\/de\/kunstkritik\/bulgarien\/","title":{"rendered":"Bulgarien"},"content":{"rendered":"<div id=\"pl-19\"  class=\"panel-layout\" ><div id=\"pg-19-0\"  class=\"panel-grid panel-no-style\" ><div id=\"pgc-19-0-0\"  class=\"panel-grid-cell panel-grid-cell-mobile-last\" ><div id=\"panel-19-0-0-0\" class=\"so-panel widget widget_black-studio-tinymce widget_black_studio_tinymce panel-first-child panel-last-child\" data-index=\"0\" ><h3 class=\"widget-title\">BORISLAV SRETKOV \u00dcBER KRISTINAS KUNST<\/h3><div class=\"textwidget\"><p><em>\u201eUnsere neue Zeit braucht neue Bilder. Kristina geh\u00f6rt zur neuen Generation, die den Pragmatismus ungezwungen mit der Utopie verbindet. Ihr Gem\u00e4ldezyklus \u201eKosmos\u201c tr\u00e4gt viel mehr Geist als Materie und manifestiert seine wichtigen Charakterz\u00fcge, wie Rhythmus, Drehachse, Gleichgewicht, Wahrhaftigkeit, Liebe und die Einfachheit, die auf der anderen Seite der Komplexit\u00e4t steht. Das ist eine Malerei in Kl\u00e4ngen der Naturmusik, die das Pulsieren des kosmischen Herzschlages in Formen \u00fcbersetzt und gleichzeitig die Musik der Stille durch die Sprache des Lichts - die wechselhafte Konzentrierung und Dispersion der Lichtstrahlen - wiederspiegelt. Und so strahlt das Licht nach Innen und nach Au\u00dfen durch die Leinwand, wobei eine ausgepr\u00e4gte Polarit\u00e4t \u2013 wie Helligkeit und Dunkelheit, Hitze und K\u00e4lte, Illusion und Desillusion entstehen. Indem der Raum auf der Leinwand dargestellt wird, transportieren uns Kristinas Gem\u00e4lde in die reale Welt der Tr\u00e4ume, Visionen, Vorstellungen \u2013 die Welt, die hinter unseren Sinneswahrnehmungen schwingt. Die bef\u00f6rdern uns in die kosmische Welt des Wissens.<\/em><\/p>\n<p><em>Das ist eine Kunst der Seele und in die Bilder ist viel Liebe hineingegeben. Und wo Liebe ist, ist Leben, Wirkung und Sch\u00f6nheit!\u201c<\/em><\/p>\n<p>Borislav Sretkov - Kunstfreund und Kunstsammler<\/p>\n<p>Berlin, September 2014<\/p>\n<p>\u00a0 \u00a0 \u00a0 \u00a0 \u00a0 \u00a0 \u00a0 \u00a0 \u00a0 \u00a0 \u00a0 \u00a0 \u00a0 \u00a0 \u00a0 \u00a0 \u00a0 \u00a0 \u00a0 \u00a0 \u00a0 \u00a0 \u00a0 \u00a0 \u00a0 \u00a0 \u2022<\/p>\n<\/div><\/div><\/div><div id=\"pgc-19-0-1\"  class=\"panel-grid-cell panel-grid-cell-empty\" ><\/div><\/div><div id=\"pg-19-1\"  class=\"panel-grid panel-no-style\" ><div id=\"pgc-19-1-0\"  class=\"panel-grid-cell panel-grid-cell-mobile-last\" ><div id=\"panel-19-1-0-0\" class=\"so-panel widget widget_black-studio-tinymce widget_black_studio_tinymce panel-first-child panel-last-child\" data-index=\"1\" ><h3 class=\"widget-title\">PROF. AXINIA DJUROVA \u00dcBER KRISTINAS KUNST<\/h3><div class=\"textwidget\"><p><em>\"Die absolute Begeisterung, die Kristina vom Akt des Malens empfindet ist wirklich ergreifend. Vorteilhaft f\u00fcr sie ist ihr Nichtbekenntnis der destruktiven Prozesse, die in der klassischen Berufung der europ\u00e4ischen und sp\u00e4ter der amerikanischen Kunst die menschlichen Zust\u00e4nde ignorieren, da sie dem Leben nicht den R\u00fccken kehrt. Das formt ihre Einstellung zur Kunst in vollem Kontrast zu den Prozessen, die mit der neuen visuellen Welt verbunden sind, die Welt, die den Menschen von dem was ihre Bilder offen erkl\u00e4ren entfernt, n\u00e4mlich ein Gef\u00fchl der Freude, des Vertrauens, der Dankbarkeit und des Optimismus. Kurz gesagt, Kristinas Bilder provozieren die Betrachter sich nicht wieder vor ihren Gef\u00fchlen zu scheuen und die K\u00fcnstler ihre Sinnesfreude nicht zu unterdr\u00fccken oder ihre Freude am Malen, dem geistlichen H\u00f6chstgef\u00fchl nicht zu verschleiern.<\/em><\/p>\n<p><em>Das Erscheinen der spontanen Malerei von Kristina Sretkova, die an den Urknall der malerischen Magma erinnert, oft in Blumenformen und kosmischen Galaxien, vom Erschaffungswirbel erfa\u00dft, mittels Farbenschichtung, \u00fcppigen, von Licht erf\u00fcllten \u00d6lfarben, ohne dabei ihre f\u00fcr das Morgenland typische R\u00e4tzelhaftigkeit und Mystik zu verlieren, macht ihre Gem\u00e4lde besonders attraktiv.\u201c<\/em><\/p>\n<p>Prof. Axinia Djurova, Kurator, Sofia\/Bulgarien, 2013<\/p>\n<\/div><\/div><\/div><div id=\"pgc-19-1-1\"  class=\"panel-grid-cell panel-grid-cell-empty\" ><\/div><\/div><\/div>","protected":false},"excerpt":{"rendered":"<p>\u201eUnsere neue Zeit braucht neue Bilder. Kristina geh\u00f6rt zur neuen Generation, die den Pragmatismus ungezwungen mit der Utopie verbindet. Ihr Gem\u00e4ldezyklus \u201eKosmos\u201c tr\u00e4gt viel mehr Geist als Materie und manifestiert seine wichtigen Charakterz\u00fcge, wie Rhythmus, Drehachse, Gleichgewicht, Wahrhaftigkeit, Liebe und die Einfachheit, die auf der anderen Seite der Komplexit\u00e4t steht. Das ist eine Malerei in &hellip; <a href=\"http:\/\/kristina-sretkova.com\/de\/kunstkritik\/bulgarien\/\" class=\"more-link\"><span class=\"screen-reader-text\">Bulgarien<\/span> weiterlesen<\/a><\/p>\n","protected":false},"author":1,"featured_media":0,"parent":16,"menu_order":0,"comment_status":"open","ping_status":"open","template":"","meta":{"ngg_post_thumbnail":0,"footnotes":""},"class_list":["post-19","page","type-page","status-publish","hentry"],"_links":{"self":[{"href":"http:\/\/kristina-sretkova.com\/de\/wp-json\/wp\/v2\/pages\/19","targetHints":{"allow":["GET"]}}],"collection":[{"href":"http:\/\/kristina-sretkova.com\/de\/wp-json\/wp\/v2\/pages"}],"about":[{"href":"http:\/\/kristina-sretkova.com\/de\/wp-json\/wp\/v2\/types\/page"}],"author":[{"embeddable":true,"href":"http:\/\/kristina-sretkova.com\/de\/wp-json\/wp\/v2\/users\/1"}],"replies":[{"embeddable":true,"href":"http:\/\/kristina-sretkova.com\/de\/wp-json\/wp\/v2\/comments?post=19"}],"version-history":[{"count":6,"href":"http:\/\/kristina-sretkova.com\/de\/wp-json\/wp\/v2\/pages\/19\/revisions"}],"predecessor-version":[{"id":222,"href":"http:\/\/kristina-sretkova.com\/de\/wp-json\/wp\/v2\/pages\/19\/revisions\/222"}],"up":[{"embeddable":true,"href":"http:\/\/kristina-sretkova.com\/de\/wp-json\/wp\/v2\/pages\/16"}],"wp:attachment":[{"href":"http:\/\/kristina-sretkova.com\/de\/wp-json\/wp\/v2\/media?parent=19"}],"curies":[{"name":"wp","href":"https:\/\/api.w.org\/{rel}","templated":true}]}}