{"id":21,"date":"2015-06-23T16:17:43","date_gmt":"2015-06-23T14:17:43","guid":{"rendered":"http:\/\/kristina-sretkova.com\/wordpress2015\/de\/?page_id=21"},"modified":"2016-02-05T11:40:35","modified_gmt":"2016-02-05T10:40:35","slug":"zypern","status":"publish","type":"page","link":"http:\/\/kristina-sretkova.com\/de\/kunstkritik\/zypern\/","title":{"rendered":"Zypern"},"content":{"rendered":"<div id=\"pl-21\"  class=\"panel-layout\" ><div id=\"pg-21-0\"  class=\"panel-grid panel-no-style\" ><div id=\"pgc-21-0-0\"  class=\"panel-grid-cell panel-grid-cell-mobile-last\" ><div id=\"panel-21-0-0-0\" class=\"so-panel widget widget_black-studio-tinymce widget_black_studio_tinymce panel-first-child panel-last-child\" data-index=\"0\" ><h3 class=\"widget-title\">NIKOS PSATHARIS \u00dcBER KRISTINAS KUNST<\/h3><div class=\"textwidget\"><p><em>\u201e Kristinas Gem\u00e4lde mit Blumenthemen strahlen das Aroma einer Fr\u00fchlingslandschaft aus und die abstrakten Bilder f\u00fchren den Betrachter manchmal zum farbenfrohen Sonnenauf und \u2013untergang auf Zypern und manchmal vielleicht zur wolkigen Dunkelheit in Berlin. Kristina schafft es die W\u00e4rme, den Meeresschall, den Wind auf Zypern durch die Sinne eines Gefangenen zu erleben und schlie\u00dflich ein Orchester von Farben zusammen zu stellen.<\/em><\/p>\n<p><em>Kristinas Gem\u00e4lde sind die Reflexion der Reinheit ihrer inneren Welt.\u201d<\/em><\/p>\n<p>Nikos Psatharis, Direktor von Kypriaki Gonia Gallerie, Zypern<\/p>\n<\/div><\/div><\/div><div id=\"pgc-21-0-1\"  class=\"panel-grid-cell panel-grid-cell-empty\" ><\/div><\/div><\/div>","protected":false},"excerpt":{"rendered":"<p>\u201e Kristinas Gem\u00e4lde mit Blumenthemen strahlen das Aroma einer Fr\u00fchlingslandschaft aus und die abstrakten Bilder f\u00fchren den Betrachter manchmal zum farbenfrohen Sonnenauf und \u2013untergang auf Zypern und manchmal vielleicht zur wolkigen Dunkelheit in Berlin. Kristina schafft es die W\u00e4rme, den Meeresschall, den Wind auf Zypern durch die Sinne eines Gefangenen zu erleben und schlie\u00dflich ein &hellip; <a href=\"http:\/\/kristina-sretkova.com\/de\/kunstkritik\/zypern\/\" class=\"more-link\"><span class=\"screen-reader-text\">Zypern<\/span> weiterlesen<\/a><\/p>\n","protected":false},"author":1,"featured_media":0,"parent":16,"menu_order":0,"comment_status":"open","ping_status":"open","template":"","meta":{"ngg_post_thumbnail":0,"footnotes":""},"class_list":["post-21","page","type-page","status-publish","hentry"],"_links":{"self":[{"href":"http:\/\/kristina-sretkova.com\/de\/wp-json\/wp\/v2\/pages\/21","targetHints":{"allow":["GET"]}}],"collection":[{"href":"http:\/\/kristina-sretkova.com\/de\/wp-json\/wp\/v2\/pages"}],"about":[{"href":"http:\/\/kristina-sretkova.com\/de\/wp-json\/wp\/v2\/types\/page"}],"author":[{"embeddable":true,"href":"http:\/\/kristina-sretkova.com\/de\/wp-json\/wp\/v2\/users\/1"}],"replies":[{"embeddable":true,"href":"http:\/\/kristina-sretkova.com\/de\/wp-json\/wp\/v2\/comments?post=21"}],"version-history":[{"count":3,"href":"http:\/\/kristina-sretkova.com\/de\/wp-json\/wp\/v2\/pages\/21\/revisions"}],"predecessor-version":[{"id":227,"href":"http:\/\/kristina-sretkova.com\/de\/wp-json\/wp\/v2\/pages\/21\/revisions\/227"}],"up":[{"embeddable":true,"href":"http:\/\/kristina-sretkova.com\/de\/wp-json\/wp\/v2\/pages\/16"}],"wp:attachment":[{"href":"http:\/\/kristina-sretkova.com\/de\/wp-json\/wp\/v2\/media?parent=21"}],"curies":[{"name":"wp","href":"https:\/\/api.w.org\/{rel}","templated":true}]}}