{"id":24,"date":"2015-06-23T16:19:39","date_gmt":"2015-06-23T14:19:39","guid":{"rendered":"http:\/\/kristina-sretkova.com\/wordpress2015\/de\/?page_id=24"},"modified":"2016-02-05T11:38:26","modified_gmt":"2016-02-05T10:38:26","slug":"deutschland","status":"publish","type":"page","link":"http:\/\/kristina-sretkova.com\/de\/kunstkritik\/deutschland\/","title":{"rendered":"Deutschland"},"content":{"rendered":"<div id=\"pl-24\"  class=\"panel-layout\" ><div id=\"pg-24-0\"  class=\"panel-grid panel-no-style\" ><div id=\"pgc-24-0-0\"  class=\"panel-grid-cell\" ><div id=\"panel-24-0-0-0\" class=\"so-panel widget widget_black-studio-tinymce widget_black_studio_tinymce panel-first-child panel-last-child\" data-index=\"0\" ><h3 class=\"widget-title\">PH.D. SYLKE WUNDERLICH \u00dcBER KRISTINAS KUNST<\/h3><div class=\"textwidget\"><p><em>\u201e... Kristina malt glei\u00dfendes Licht, tiefes Wasser, loderndes Feuer, die Kraft der Elemente, der Urkr\u00e4fte der Natur. Nebeneinander liegen Lichter, sinnliche Momente und dann wieder kraftvolle Widerspr\u00fcche, die sie mit Farben und Formen zum Leben erweckt. Dabei ist sie spontan, intuitiv, extatisch, voller Kreativit\u00e4t. Angeregt, gef\u00fchlvoll, leidenschaftlich m\u00f6chte man ihre Werke nennen, sie rei\u00dft mit. Und in allem steckt eine starke Emotion, Gef\u00fchle, zuallererst aus dem Herz, dann auch aus dem Bauch, was f\u00fcr einen K\u00fcnstler sehr wichtig ist. Auch aus Verstand, die erk\u00e4mpfte k\u00fcnstlerische Freiheit und der Drang nach innerer und \u00e4u\u00dferer Harmonie, mit sich und der Welt. ...\u201c<\/em><\/p>\n<p>Ph.Dr. Sylke Wunderlich, Deutschland 2010<\/p>\n<\/div><\/div><\/div><\/div><\/div>","protected":false},"excerpt":{"rendered":"<p>\u201e&#8230; Kristina malt glei\u00dfendes Licht, tiefes Wasser, loderndes Feuer, die Kraft der Elemente, der Urkr\u00e4fte der Natur. Nebeneinander liegen Lichter, sinnliche Momente und dann wieder kraftvolle Widerspr\u00fcche, die sie mit Farben und Formen zum Leben erweckt. Dabei ist sie spontan, intuitiv, extatisch, voller Kreativit\u00e4t. Angeregt, gef\u00fchlvoll, leidenschaftlich m\u00f6chte man ihre Werke nennen, sie rei\u00dft mit. &hellip; <a href=\"http:\/\/kristina-sretkova.com\/de\/kunstkritik\/deutschland\/\" class=\"more-link\"><span class=\"screen-reader-text\">Deutschland<\/span> weiterlesen<\/a><\/p>\n","protected":false},"author":1,"featured_media":0,"parent":16,"menu_order":0,"comment_status":"open","ping_status":"open","template":"","meta":{"ngg_post_thumbnail":0,"footnotes":""},"class_list":["post-24","page","type-page","status-publish","hentry"],"_links":{"self":[{"href":"http:\/\/kristina-sretkova.com\/de\/wp-json\/wp\/v2\/pages\/24","targetHints":{"allow":["GET"]}}],"collection":[{"href":"http:\/\/kristina-sretkova.com\/de\/wp-json\/wp\/v2\/pages"}],"about":[{"href":"http:\/\/kristina-sretkova.com\/de\/wp-json\/wp\/v2\/types\/page"}],"author":[{"embeddable":true,"href":"http:\/\/kristina-sretkova.com\/de\/wp-json\/wp\/v2\/users\/1"}],"replies":[{"embeddable":true,"href":"http:\/\/kristina-sretkova.com\/de\/wp-json\/wp\/v2\/comments?post=24"}],"version-history":[{"count":3,"href":"http:\/\/kristina-sretkova.com\/de\/wp-json\/wp\/v2\/pages\/24\/revisions"}],"predecessor-version":[{"id":223,"href":"http:\/\/kristina-sretkova.com\/de\/wp-json\/wp\/v2\/pages\/24\/revisions\/223"}],"up":[{"embeddable":true,"href":"http:\/\/kristina-sretkova.com\/de\/wp-json\/wp\/v2\/pages\/16"}],"wp:attachment":[{"href":"http:\/\/kristina-sretkova.com\/de\/wp-json\/wp\/v2\/media?parent=24"}],"curies":[{"name":"wp","href":"https:\/\/api.w.org\/{rel}","templated":true}]}}