{"id":26,"date":"2015-06-23T16:20:19","date_gmt":"2015-06-23T14:20:19","guid":{"rendered":"http:\/\/kristina-sretkova.com\/wordpress2015\/de\/?page_id=26"},"modified":"2016-02-05T11:39:01","modified_gmt":"2016-02-05T10:39:01","slug":"italien","status":"publish","type":"page","link":"http:\/\/kristina-sretkova.com\/de\/kunstkritik\/italien\/","title":{"rendered":"Italien"},"content":{"rendered":"<div id=\"pl-26\"  class=\"panel-layout\" ><div id=\"pg-26-0\"  class=\"panel-grid panel-no-style\" ><div id=\"pgc-26-0-0\"  class=\"panel-grid-cell panel-grid-cell-mobile-last\" ><div id=\"panel-26-0-0-0\" class=\"so-panel widget widget_black-studio-tinymce widget_black_studio_tinymce panel-first-child panel-last-child\" data-index=\"0\" ><h3 class=\"widget-title\">DR. SALVATORE RUSSO \u00dcBER KRISTINAS KUNST<\/h3><div class=\"textwidget\"><p><em>\u201cEs ist sinnvoll Kristina Sretkovas visuelle Erkundigungen als Grenzfall zwischen Rothkos abstrakten Expressionismus und Constable und Turners poetischen Romantik zu definieren. In Sretkovas Gem\u00e4lden kann man stets die Gegens\u00e4tzlichkeit zwischen Licht und Dunkelheit finden. Ein Mensch im Schatten der Dunkelheit geboren, kehrt in eine neue, vom Licht dominierten Welt zur\u00fcck. Es ist eine Welt, in der die Vernunft durch kreative Euphorie ersetzt wird. Kristina Sretkovas Gem\u00e4lde \u00fcbermitteln eine Art von Intellekt, der im Dialog mit der Sch\u00f6pferkraft des Geistes ist. Das gro\u00dfe linguistische Potential des K\u00fcnstlers tr\u00e4gt und transformiert das reale visuelle Alphabet zu so einem Zustand, dass die Sch\u00f6pferkraft des Chaos\u2019 Befehle ausgibt. Der Prediger der Mysterie. Das ist die Art, in der ich sie umschreiben m\u00f6chte. Eindrucksvolle Glaubensbekenntnisse, die durch einen Zeugen des gro\u00dfen Mysteriums best\u00e4tigt werden. Das Zeichen im M\u00e4rchen des Predigers scheint nicht im Gef\u00e4ngnis der Seele gefesselt zu sein, manifestiert sich aber mit seiner ganzen Gewalt. Eine Ausdrucksweise, die ich als aristokratisch definieren m\u00f6chte, ist das Charakteristikum des K\u00fcnstlers. Eine Ausdrucksweise, die konsequent die gleiche erweckende Wirkungskraft, wie die zehn Gebote hat. Die Kraft eines neuen Wirbelsturms lebt in den Leinw\u00e4nden und erm\u00f6glicht dem K\u00fcnstler auf diese Weise als Weltmensch in Erscheinung zu treten.\u201c<\/em><\/p>\n<p>Dr. Salvatore Russo, International Art Book \"Segnalati\", Italien, 2013<\/p>\n<\/div><\/div><\/div><div id=\"pgc-26-0-1\"  class=\"panel-grid-cell panel-grid-cell-empty\" ><\/div><\/div><\/div>","protected":false},"excerpt":{"rendered":"<p>\u201cEs ist sinnvoll Kristina Sretkovas visuelle Erkundigungen als Grenzfall zwischen Rothkos abstrakten Expressionismus und Constable und Turners poetischen Romantik zu definieren. In Sretkovas Gem\u00e4lden kann man stets die Gegens\u00e4tzlichkeit zwischen Licht und Dunkelheit finden. Ein Mensch im Schatten der Dunkelheit geboren, kehrt in eine neue, vom Licht dominierten Welt zur\u00fcck. Es ist eine Welt, in &hellip; <a href=\"http:\/\/kristina-sretkova.com\/de\/kunstkritik\/italien\/\" class=\"more-link\"><span class=\"screen-reader-text\">Italien<\/span> weiterlesen<\/a><\/p>\n","protected":false},"author":1,"featured_media":0,"parent":16,"menu_order":0,"comment_status":"open","ping_status":"open","template":"","meta":{"ngg_post_thumbnail":0,"footnotes":""},"class_list":["post-26","page","type-page","status-publish","hentry"],"_links":{"self":[{"href":"http:\/\/kristina-sretkova.com\/de\/wp-json\/wp\/v2\/pages\/26","targetHints":{"allow":["GET"]}}],"collection":[{"href":"http:\/\/kristina-sretkova.com\/de\/wp-json\/wp\/v2\/pages"}],"about":[{"href":"http:\/\/kristina-sretkova.com\/de\/wp-json\/wp\/v2\/types\/page"}],"author":[{"embeddable":true,"href":"http:\/\/kristina-sretkova.com\/de\/wp-json\/wp\/v2\/users\/1"}],"replies":[{"embeddable":true,"href":"http:\/\/kristina-sretkova.com\/de\/wp-json\/wp\/v2\/comments?post=26"}],"version-history":[{"count":5,"href":"http:\/\/kristina-sretkova.com\/de\/wp-json\/wp\/v2\/pages\/26\/revisions"}],"predecessor-version":[{"id":225,"href":"http:\/\/kristina-sretkova.com\/de\/wp-json\/wp\/v2\/pages\/26\/revisions\/225"}],"up":[{"embeddable":true,"href":"http:\/\/kristina-sretkova.com\/de\/wp-json\/wp\/v2\/pages\/16"}],"wp:attachment":[{"href":"http:\/\/kristina-sretkova.com\/de\/wp-json\/wp\/v2\/media?parent=26"}],"curies":[{"name":"wp","href":"https:\/\/api.w.org\/{rel}","templated":true}]}}