{"id":28,"date":"2015-06-23T16:20:47","date_gmt":"2015-06-23T14:20:47","guid":{"rendered":"http:\/\/kristina-sretkova.com\/wordpress2015\/de\/?page_id=28"},"modified":"2016-02-05T11:40:16","modified_gmt":"2016-02-05T10:40:16","slug":"nyc","status":"publish","type":"page","link":"http:\/\/kristina-sretkova.com\/de\/kunstkritik\/nyc\/","title":{"rendered":"NYC"},"content":{"rendered":"<div id=\"pl-28\"  class=\"panel-layout\" ><div id=\"pg-28-0\"  class=\"panel-grid panel-no-style\" ><div id=\"pgc-28-0-0\"  class=\"panel-grid-cell panel-grid-cell-mobile-last\" ><div id=\"panel-28-0-0-0\" class=\"so-panel widget widget_black-studio-tinymce widget_black_studio_tinymce panel-first-child panel-last-child\" data-index=\"0\" ><h3 class=\"widget-title\">KAREN GASTIABURO \u00dcBER KRISTINAS KUNST<\/h3><div class=\"textwidget\"><p><em>\"Kristina ist eine der meist auftretenden, gegenw\u00e4rtigen jungen K\u00fcnstlerinnen und es freut uns ihre Gem\u00e4lde zu zeigen. In Schweden geboren, mit Sitz in Berlin, Deutschland, stellt sie ihre Werke weltweit aus. Ihre Gem\u00e4lde sind ausgezeichnet und anerkannt worden wegen ihrer lebhaften nat\u00fcrlichen Abbilder, die durch ihre Gestaltung ein Gef\u00fchl des Lichts, der Sinnesfreude, der Sch\u00f6nheit und der Lebenskraft ausstrahlen. Kristinas Gem\u00e4lde wurden w\u00e4hrend der ersten Ausstellung so gut empfangen und wir freuen uns riesig, sie wieder hier f\u00fcr diese neueste Vorf\u00fchrung zu haben.\"<\/em> \u00a0\u00a0<\/p>\n<p>Karen Gastiaburo, Vorstandsvorsitzende von Warburg Reality Ltd., 2013, NYC, USA<\/p>\n<p>\u00a0 \u00a0 \u00a0 \u00a0 \u00a0 \u00a0 \u00a0 \u00a0 \u00a0 \u00a0 \u00a0 \u00a0 \u00a0 \u00a0 \u00a0 \u00a0 \u00a0 \u00a0 \u00a0 \u00a0 \u00a0 \u00a0 \u00a0 \u00a0 \u00a0 \u00a0 \u2022<\/p>\n<\/div><\/div><\/div><div id=\"pgc-28-0-1\"  class=\"panel-grid-cell panel-grid-cell-empty\" ><\/div><\/div><div id=\"pg-28-1\"  class=\"panel-grid panel-no-style\" ><div id=\"pgc-28-1-0\"  class=\"panel-grid-cell panel-grid-cell-mobile-last\" ><div id=\"panel-28-1-0-0\" class=\"so-panel widget widget_black-studio-tinymce widget_black_studio_tinymce panel-first-child panel-last-child\" data-index=\"1\" ><h3 class=\"widget-title\">NY ARTS MAGAZINE \u00dcBER KRISTINAS KUNST<\/h3><div class=\"textwidget\"><p><em>\u201e... Mit der gleichen Intensit\u00e4t und gl\u00fchender Leidenschaft setzen Kristina Sretkovas\u2019 strahlende Arbeiten ein Zeichen f\u00fcr romantische Impulse auf einer beeindruckenden Weise. \u00d6larbeiten in allen ihren z\u00e4hen Schichtungen sind wie eine visuelle Augenweide pr\u00e4sentiert. Sretkova tr\u00e4gt sie dick und mit gro\u00dfer, mitrei\u00dfender Gestik auf, die sowohl sinnlich wie auch feinf\u00fchlig sind. Im Zentrum ihrer neuen Arbeiten bemerkt man ein gl\u00e4nzendes, gl\u00fchendes Licht, dessen Intensit\u00e4t sich beim Ann\u00e4hern zum Zentrum vergr\u00f6\u00dfert. Es ist ein Zeichen f\u00fcr eine reiche innere Welt, die uns in den subjektiven Zauber des K\u00fcnstlers und gleichzeitig zur Leinwand zieht.<\/em><\/p>\n<p><em>... Diese erstaunlichen neuen Vorgehensweisen in der Abstraktion setzen Sretkova nun an der vorderen Front der europ\u00e4ischen abstrakten Malerei.\u201c<\/em><\/p>\n<p>NY Arts Magazine, Sommer 2011, Jill Smith, Feuer fassen: Kristina Sretkova's neue Gem\u00e4lde<\/p>\n<p>\u00a0 \u00a0 \u00a0 \u00a0 \u00a0 \u00a0 \u00a0 \u00a0 \u00a0 \u00a0 \u00a0 \u00a0 \u00a0 \u00a0 \u00a0 \u00a0 \u00a0 \u00a0 \u00a0 \u00a0 \u00a0 \u00a0 \u00a0 \u00a0 \u00a0 \u00a0 \u2022<\/p>\n<\/div><\/div><\/div><div id=\"pgc-28-1-1\"  class=\"panel-grid-cell panel-grid-cell-empty\" ><\/div><\/div><div id=\"pg-28-2\"  class=\"panel-grid panel-no-style\" ><div id=\"pgc-28-2-0\"  class=\"panel-grid-cell panel-grid-cell-mobile-last\" ><div id=\"panel-28-2-0-0\" class=\"so-panel widget widget_black-studio-tinymce widget_black_studio_tinymce panel-first-child panel-last-child\" data-index=\"2\" ><h3 class=\"widget-title\">NY ARTS MAGAZINE \u00dcBER KRISTINAS KUNST<\/h3><div class=\"textwidget\"><p><em>\u201e... Die Romantik hat einen starken Einfluss auf die Ideen und die Kultur des Westens ausge\u00fcbt und es macht einen echten Sinn, dass ein kosmopolitischer, weit gereister und talentierter K\u00fcnstler wie Sretkova etwas von dem romantischen Wiederaufleben \u00fcbernommen hat. Die Westliche Kultur betritt eine post-industrielle und anwachsend virtuell gelenkte Kommunikation und der Romantik postuliert eine R\u00fcckkehr zu seinen Grundlagen. Diese Grundlagen, die sich mit dem Artikulieren der pers\u00f6nlichen Erfahrung besch\u00e4ftigen, werden wiederum zu Repr\u00e4sentanten. Arbeiten wie A Wish Comes True (2011), mit ihrem tief blau-schwarzen Hintergrund artikulieren diese Erfahrung subjektiv. Da diese Arbeit den Betrachter fest, konzentrisch zur Mitte anzieht, sind wir selbst auch zentriert. Das blumenartige Motiv in der Mitte ist einem Selbstportr\u00e4t \u00e4hnlich. Eingefangen in einem Profil bewegt sich diese Arbeit wellenf\u00f6rmig und zu einem lieblichen, mysteri\u00f6sen und etwas melancholischen \u201cKopf\u201c, der anscheinend leise von einem \u00fcppigen Hintergrund erscheint. W\u00e4hrend diese Arbeit ihren metaphoristischen Kopf emporrichtet, h\u00f6ren wir ihn auch mit der sinnlichen, temperamentvollen Stimme des Friedens sprechen.\u00a0\u00a0<\/em><\/p>\n<p><em>Mit bemerkenswerter Einfachheit hat Sretkova eine neue lyrische Abstraktion geschaffen, die sich auf emotionale Gem\u00fctszust\u00e4nde und Wesenszust\u00e4nde bezieht.\"<\/em><\/p>\n<p>NY Arts Magazine, Rose Hobart, Winter 2012, Kristina Sretkova: Welt des Lichts Rezension<\/p>\n<p>\u00a0 \u00a0 \u00a0 \u00a0 \u00a0 \u00a0 \u00a0 \u00a0 \u00a0 \u00a0 \u00a0 \u00a0 \u00a0 \u00a0 \u00a0 \u00a0 \u00a0 \u00a0 \u00a0 \u00a0 \u00a0 \u00a0 \u00a0 \u00a0 \u00a0 \u00a0 \u2022<\/p>\n<\/div><\/div><\/div><div id=\"pgc-28-2-1\"  class=\"panel-grid-cell panel-grid-cell-empty\" ><\/div><\/div><div id=\"pg-28-3\"  class=\"panel-grid panel-no-style\" ><div id=\"pgc-28-3-0\"  class=\"panel-grid-cell panel-grid-cell-mobile-last\" ><div id=\"panel-28-3-0-0\" class=\"so-panel widget widget_black-studio-tinymce widget_black_studio_tinymce panel-first-child panel-last-child\" data-index=\"3\" ><h3 class=\"widget-title\">RUTHIE TUCKER \u00dcBER KRISTINAS KUNST<\/h3><div class=\"textwidget\"><p><em>\u201cKRISTINA SRETKOVAs \u00fcbergro\u00dfe Leinw\u00e4nde umschlingen den Betrachter mit gewaltigen, edel gef\u00e4rbten Formen, die die abstrakte Komposition feinf\u00fchlig durch ihre geschichtete Pinself\u00fchrung und strukturiert aufgetragenen Oberfl\u00e4che abhebt. ... Frau Sretkova inspiriert die Betrachter mit ihren farbenfreudigen Gem\u00e4lden, inszeniert reichlich Emotionen durch ihre energetischen Farben und gestischen Pinself\u00fchrung.\u201c<\/em><\/p>\n<p>Ruthie Tucker, Amsterdam Whitney Gallery, 20. Oktober 2012, NYC, USA<\/p>\n<p>\u00a0 \u00a0 \u00a0 \u00a0 \u00a0 \u00a0 \u00a0 \u00a0 \u00a0 \u00a0 \u00a0 \u00a0 \u00a0 \u00a0 \u00a0 \u00a0 \u00a0 \u00a0 \u00a0 \u00a0 \u00a0 \u00a0 \u00a0 \u00a0 \u00a0 \u00a0 \u2022<\/p>\n<\/div><\/div><\/div><div id=\"pgc-28-3-1\"  class=\"panel-grid-cell panel-grid-cell-empty\" ><\/div><\/div><div id=\"pg-28-4\"  class=\"panel-grid panel-no-style\" ><div id=\"pgc-28-4-0\"  class=\"panel-grid-cell panel-grid-cell-mobile-last\" ><div id=\"panel-28-4-0-0\" class=\"so-panel widget widget_black-studio-tinymce widget_black_studio_tinymce panel-first-child panel-last-child\" data-index=\"4\" ><h3 class=\"widget-title\">NY ARTS MAGAZINE \u00dcBER KRISTINAS KUNST<\/h3><div class=\"textwidget\"><\/div><\/div><\/div><div id=\"pgc-28-4-1\"  class=\"panel-grid-cell panel-grid-cell-empty\" ><\/div><\/div><div id=\"pg-28-5\"  class=\"panel-grid panel-no-style\" ><div id=\"pgc-28-5-0\"  class=\"panel-grid-cell panel-grid-cell-mobile-last\" ><div id=\"panel-28-5-0-0\" class=\"so-panel widget widget_black-studio-tinymce widget_black_studio_tinymce panel-first-child panel-last-child\" data-index=\"5\" ><h3 class=\"widget-title\">ABRAHAM LUBELSKI \u00dcBER KRISTINAS KUNST<\/h3><div class=\"textwidget\"><\/div><\/div><\/div><div id=\"pgc-28-5-1\"  class=\"panel-grid-cell panel-grid-cell-empty\" ><\/div><\/div><\/div>","protected":false},"excerpt":{"rendered":"<p>&#8222;Kristina ist eine der meist auftretenden, gegenw\u00e4rtigen jungen K\u00fcnstlerinnen und es freut uns ihre Gem\u00e4lde zu zeigen. In Schweden geboren, mit Sitz in Berlin, Deutschland, stellt sie ihre Werke weltweit aus. Ihre Gem\u00e4lde sind ausgezeichnet und anerkannt worden wegen ihrer lebhaften nat\u00fcrlichen Abbilder, die durch ihre Gestaltung ein Gef\u00fchl des Lichts, der Sinnesfreude, der Sch\u00f6nheit &hellip; <a href=\"http:\/\/kristina-sretkova.com\/de\/kunstkritik\/nyc\/\" class=\"more-link\"><span class=\"screen-reader-text\">NYC<\/span> weiterlesen<\/a><\/p>\n","protected":false},"author":1,"featured_media":0,"parent":16,"menu_order":0,"comment_status":"open","ping_status":"open","template":"","meta":{"ngg_post_thumbnail":0,"footnotes":""},"class_list":["post-28","page","type-page","status-publish","hentry"],"_links":{"self":[{"href":"http:\/\/kristina-sretkova.com\/de\/wp-json\/wp\/v2\/pages\/28","targetHints":{"allow":["GET"]}}],"collection":[{"href":"http:\/\/kristina-sretkova.com\/de\/wp-json\/wp\/v2\/pages"}],"about":[{"href":"http:\/\/kristina-sretkova.com\/de\/wp-json\/wp\/v2\/types\/page"}],"author":[{"embeddable":true,"href":"http:\/\/kristina-sretkova.com\/de\/wp-json\/wp\/v2\/users\/1"}],"replies":[{"embeddable":true,"href":"http:\/\/kristina-sretkova.com\/de\/wp-json\/wp\/v2\/comments?post=28"}],"version-history":[{"count":6,"href":"http:\/\/kristina-sretkova.com\/de\/wp-json\/wp\/v2\/pages\/28\/revisions"}],"predecessor-version":[{"id":226,"href":"http:\/\/kristina-sretkova.com\/de\/wp-json\/wp\/v2\/pages\/28\/revisions\/226"}],"up":[{"embeddable":true,"href":"http:\/\/kristina-sretkova.com\/de\/wp-json\/wp\/v2\/pages\/16"}],"wp:attachment":[{"href":"http:\/\/kristina-sretkova.com\/de\/wp-json\/wp\/v2\/media?parent=28"}],"curies":[{"name":"wp","href":"https:\/\/api.w.org\/{rel}","templated":true}]}}