{"id":33,"date":"2015-06-23T16:23:27","date_gmt":"2015-06-23T14:23:27","guid":{"rendered":"http:\/\/kristina-sretkova.com\/wordpress2015\/de\/?page_id=33"},"modified":"2019-12-14T12:50:38","modified_gmt":"2019-12-14T11:50:38","slug":"wohltaetigkeiten","status":"publish","type":"page","link":"http:\/\/kristina-sretkova.com\/de\/wohltaetigkeiten\/","title":{"rendered":"WOHLT\u00c4TIGKEIT"},"content":{"rendered":"<div id=\"pl-33\"  class=\"panel-layout\" ><div id=\"pg-33-0\"  class=\"panel-grid panel-no-style\" ><div id=\"pgc-33-0-0\"  class=\"panel-grid-cell\" ><div id=\"panel-33-0-0-0\" class=\"so-panel widget widget_black-studio-tinymce widget_black_studio_tinymce panel-first-child panel-last-child\" data-index=\"0\" ><h3 class=\"widget-title\">SCHENKUNGEN UND WOHLT\u00c4TIGKEITEN<\/h3><div class=\"textwidget\"><p>2018 Tokai Universsit\u00e4t und Stiftung, Tokio, Japan<br \/>2017 Kampagne f\u00fcr Krebskranke Kinder<br \/>2014 UNESCO, Paris<br \/> 2014 Gymnasium Schloss Torgelow f\u00fcr das 20. Jubil\u00e4um, Deutschland<br \/> 2014 Spende \u2022 Gruppenausstellung in Kypriaki Gonia Gallerie, Larnaka, Zypern<br \/> 2013 Spende \u2022 Gruppenausstellung in Kypriaki Gonia Gallerie, Larnaka, Zypern<br \/> 2011 Bulgarische Botschaft auf Zypern, Nikosia<br \/> 2011 Auktion als Spende f\u00fcr Talat Alaiyan Foundation, Berlin, Deutschland<\/p>\n<\/div><\/div><\/div><\/div><\/div>","protected":false},"excerpt":{"rendered":"<p>2018 Tokai Universsit\u00e4t und Stiftung, Tokio, Japan2017 Kampagne f\u00fcr Krebskranke Kinder2014 UNESCO, Paris 2014 Gymnasium Schloss Torgelow f\u00fcr das 20. Jubil\u00e4um, Deutschland 2014 Spende \u2022 Gruppenausstellung in Kypriaki Gonia Gallerie, Larnaka, Zypern 2013 Spende \u2022 Gruppenausstellung in Kypriaki Gonia Gallerie, Larnaka, Zypern 2011 Bulgarische Botschaft auf Zypern, Nikosia 2011 Auktion als Spende f\u00fcr Talat Alaiyan &hellip; <a href=\"http:\/\/kristina-sretkova.com\/de\/wohltaetigkeiten\/\" class=\"more-link\"><span class=\"screen-reader-text\">WOHLT\u00c4TIGKEIT<\/span> weiterlesen<\/a><\/p>\n","protected":false},"author":1,"featured_media":0,"parent":0,"menu_order":0,"comment_status":"open","ping_status":"open","template":"","meta":{"ngg_post_thumbnail":0,"footnotes":""},"class_list":["post-33","page","type-page","status-publish","hentry"],"_links":{"self":[{"href":"http:\/\/kristina-sretkova.com\/de\/wp-json\/wp\/v2\/pages\/33","targetHints":{"allow":["GET"]}}],"collection":[{"href":"http:\/\/kristina-sretkova.com\/de\/wp-json\/wp\/v2\/pages"}],"about":[{"href":"http:\/\/kristina-sretkova.com\/de\/wp-json\/wp\/v2\/types\/page"}],"author":[{"embeddable":true,"href":"http:\/\/kristina-sretkova.com\/de\/wp-json\/wp\/v2\/users\/1"}],"replies":[{"embeddable":true,"href":"http:\/\/kristina-sretkova.com\/de\/wp-json\/wp\/v2\/comments?post=33"}],"version-history":[{"count":7,"href":"http:\/\/kristina-sretkova.com\/de\/wp-json\/wp\/v2\/pages\/33\/revisions"}],"predecessor-version":[{"id":337,"href":"http:\/\/kristina-sretkova.com\/de\/wp-json\/wp\/v2\/pages\/33\/revisions\/337"}],"wp:attachment":[{"href":"http:\/\/kristina-sretkova.com\/de\/wp-json\/wp\/v2\/media?parent=33"}],"curies":[{"name":"wp","href":"https:\/\/api.w.org\/{rel}","templated":true}]}}