{"id":39,"date":"2015-06-23T16:25:32","date_gmt":"2015-06-23T14:25:32","guid":{"rendered":"http:\/\/kristina-sretkova.com\/wordpress2015\/de\/?page_id=39"},"modified":"2015-09-29T12:29:08","modified_gmt":"2015-09-29T10:29:08","slug":"impressum","status":"publish","type":"page","link":"http:\/\/kristina-sretkova.com\/de\/impressum\/","title":{"rendered":"IMPRESSUM"},"content":{"rendered":"<div id=\"pl-39\"  class=\"panel-layout\" ><div id=\"pg-39-0\"  class=\"panel-grid panel-no-style\" ><div id=\"pgc-39-0-0\"  class=\"panel-grid-cell\" ><div id=\"panel-39-0-0-0\" class=\"so-panel widget widget_black-studio-tinymce widget_black_studio_tinymce panel-first-child panel-last-child\" data-index=\"0\" ><div class=\"textwidget\"><p>Kristina Sretkova<br \/> Kurstr. 14<br \/> 10117 Berlin<br \/> Deutschland<\/p>\n<p>Alle auf kristina-sretkova.com gezeigten Arbeiten unterliegen dem<br \/> gesetzlichen Copyright und d\u00fcrfen nicht ohne schriftliche<br \/> Genehmigung des K\u00fcnstlers verwendet oder reproduziert weden.<\/p>\n<p>Trotz sorgf\u00e4ltiger unhaltlicher Kontrolle, wird keine Haftung f\u00fcr<br \/> die Inhalte externer Links \u00fcbernommen. F\u00fcr den Inhalt verlinkterSeiten sind ausschlie\u00dflich deren Betreiber verantwortlich.<\/p>\n<p>Inhaber der Doman kristina-sretkova.com, sowie inhaltlich<br \/> verantwortlich gem\u00e4\u00df \u00a7 55 Abs. 2 RStV: Kristina Sretkova<\/p>\n<h4><tt>\u00a0<\/tt><\/h4>\n<\/div><\/div><\/div><\/div><\/div>","protected":false},"excerpt":{"rendered":"<p>Kristina Sretkova Kurstr. 14 10117 Berlin DeutschlandAlle auf kristina-sretkova.com gezeigten Arbeiten unterliegen dem gesetzlichen Copyright und d\u00fcrfen nicht ohne schriftliche Genehmigung des K\u00fcnstlers verwendet oder reproduziert weden.Trotz sorgf\u00e4ltiger unhaltlicher Kontrolle, wird keine Haftung f\u00fcr die Inhalte externer Links \u00fcbernommen. F\u00fcr den Inhalt verlinkterSeiten sind ausschlie\u00dflich deren Betreiber verantwortlich.Inhaber der Doman kristina-sretkova.com, sowie inhaltlich verantwortlich gem\u00e4\u00df &hellip; <a href=\"http:\/\/kristina-sretkova.com\/de\/impressum\/\" class=\"more-link\"><span class=\"screen-reader-text\">IMPRESSUM<\/span> weiterlesen<\/a><\/p>\n","protected":false},"author":1,"featured_media":0,"parent":0,"menu_order":0,"comment_status":"open","ping_status":"open","template":"","meta":{"ngg_post_thumbnail":0,"footnotes":""},"class_list":["post-39","page","type-page","status-publish","hentry"],"_links":{"self":[{"href":"http:\/\/kristina-sretkova.com\/de\/wp-json\/wp\/v2\/pages\/39","targetHints":{"allow":["GET"]}}],"collection":[{"href":"http:\/\/kristina-sretkova.com\/de\/wp-json\/wp\/v2\/pages"}],"about":[{"href":"http:\/\/kristina-sretkova.com\/de\/wp-json\/wp\/v2\/types\/page"}],"author":[{"embeddable":true,"href":"http:\/\/kristina-sretkova.com\/de\/wp-json\/wp\/v2\/users\/1"}],"replies":[{"embeddable":true,"href":"http:\/\/kristina-sretkova.com\/de\/wp-json\/wp\/v2\/comments?post=39"}],"version-history":[{"count":3,"href":"http:\/\/kristina-sretkova.com\/de\/wp-json\/wp\/v2\/pages\/39\/revisions"}],"predecessor-version":[{"id":66,"href":"http:\/\/kristina-sretkova.com\/de\/wp-json\/wp\/v2\/pages\/39\/revisions\/66"}],"wp:attachment":[{"href":"http:\/\/kristina-sretkova.com\/de\/wp-json\/wp\/v2\/media?parent=39"}],"curies":[{"name":"wp","href":"https:\/\/api.w.org\/{rel}","templated":true}]}}