{"id":41,"date":"2015-06-23T16:26:26","date_gmt":"2015-06-23T14:26:26","guid":{"rendered":"http:\/\/kristina-sretkova.com\/wordpress2015\/de\/?page_id=41"},"modified":"2017-04-18T20:12:19","modified_gmt":"2017-04-18T18:12:19","slug":"nachrichten","status":"publish","type":"page","link":"http:\/\/kristina-sretkova.com\/de\/","title":{"rendered":"AKTUELL"},"content":{"rendered":"<div id=\"pl-41\"  class=\"panel-layout\" ><div id=\"pg-41-0\"  class=\"panel-grid panel-no-style\" ><div id=\"pgc-41-0-0\"  class=\"panel-grid-cell\" ><div id=\"panel-41-0-0-0\" class=\"so-panel widget widget_sow-image panel-first-child panel-last-child\" data-index=\"0\" ><div\n\t\t\t\n\t\t\tclass=\"so-widget-sow-image so-widget-sow-image-default-8b5b6f678277-41\"\n\t\t\t\n\t\t>\n<div class=\"sow-image-container\">\n\t\t<img \n\tsrc=\"http:\/\/kristina-sretkova.com\/de\/wp-content\/uploads\/sites\/2\/2015\/06\/2017-DE1.jpg\" width=\"595\" height=\"595\" srcset=\"http:\/\/kristina-sretkova.com\/de\/wp-content\/uploads\/sites\/2\/2015\/06\/2017-DE1.jpg 595w, http:\/\/kristina-sretkova.com\/de\/wp-content\/uploads\/sites\/2\/2015\/06\/2017-DE1-150x150.jpg 150w, http:\/\/kristina-sretkova.com\/de\/wp-content\/uploads\/sites\/2\/2015\/06\/2017-DE1-300x300.jpg 300w\" sizes=\"(max-width: 595px) 100vw, 595px\" title=\"2017-DE\" alt=\"\" \t\tclass=\"so-widget-image\"\/>\n\t<\/div>\n\n<\/div><\/div><\/div><div id=\"pgc-41-0-1\"  class=\"panel-grid-cell\" ><div id=\"panel-41-0-1-0\" class=\"so-panel widget widget_black-studio-tinymce widget_black_studio_tinymce panel-first-child panel-last-child\" data-index=\"1\" ><div class=\"textwidget\"><div id=\"pgc-10-0-1\" class=\"panel-grid-cell\">\n<div id=\"panel-10-0-1-0\" class=\"so-panel widget widget_black-studio-tinymce panel-first-child panel-last-child\">\n<div class=\"textwidget\">\n<h3 class=\"storytitle\">SOLOAUSSTELLUNG IN DER\u00a0DEUTSCHEN BANK BERLIN\u00a02016<\/h3>\n<div id=\"yiv7969689611yui_3_16_0_1_1457982102614_2583\"><span id=\"yiv7969689611yui_3_16_0_1_1457982102614_2511\">1. Mai \u2013 30. Juli 2016 Kristina hat eine Soloausstellung in der DEUTSCHEN BANK BERLIN, Filiale Otto-Suhr-Allee. Von 35 000 K\u00fcnstler in Berlin, davon 7 000 Maler, wurde sie eingeladen. Die Deutsche Bank zeigt immer zwei K\u00fcnstler pro Jahr.<br \/>Fotos\u00a0<a href=\"http:\/\/kristina-sretkova.com\/wordpress2015\/art\/nggallery\/standard\/deutsche-bank-berlin\" target=\"_blank\">hier anschauen<\/a>.<\/span><\/p>\n<p>\u00a0\u00a0 \u00a0 \u00a0 \u00a0 \u00a0 \u00a0 \u00a0 \u00a0 \u00a0 \u00a0 \u00a0 \u00a0 \u00a0 \u00a0 \u00a0 \u00a0 \u00a0 \u00a0 \u00a0 \u00a0 \u00a0 \u00a0 \u00a0 \u00a0 \u00a0 \u00a0 \u00a0 \u00a0 \u00a0 \u00a0 \u00a0\u2022<\/p>\n<\/div>\n<h3 class=\"storytitle\">LUXURY &amp; SPA HELSTON HOTEL, GUANGZHOU\u00a02016<\/h3>\n<p id=\"yiv0557524175yui_3_16_0_1_1457983100824_2724\" dir=\"ltr\">Von Januar bis Dezember 2016 hat Kristina eine Soloausstellung in dem Luxury &amp; Spa\u00a0Helston Hotel 5*, Guangzhou. Ihre Gem\u00e4lde h\u00e4ngen im Kunstraum. Bei Interesse an den Kunstwerken, bitte melden Sie sich bei der K\u00fcnstlerin oder an der Rezeption des Hotels.<br \/><a href=\"http:\/\/www.helston-hotel.com\" target=\"_blank\">www.helston-hotel.com<\/a><\/p>\n<\/div>\n<\/div>\n<\/div>\n<div dir=\"ltr\">\u00a0 \u00a0 \u00a0 \u00a0 \u00a0 \u00a0 \u00a0 \u00a0 \u00a0 \u00a0 \u00a0 \u00a0 \u00a0 \u00a0 \u00a0 \u00a0 \u00a0 \u00a0 \u00a0 \u00a0 \u00a0 \u00a0 \u00a0 \u00a0 \u00a0 \u00a0 \u00a0 \u00a0 \u00a0 \u00a0 \u00a0\u2022<\/div>\n<div dir=\"ltr\">\u00a0<\/div>\n<div id=\"pgc-10-0-1\" class=\"panel-grid-cell\">\n<div id=\"panel-10-0-1-0\" class=\"so-panel widget widget_black-studio-tinymce panel-first-child panel-last-child\">\n<div class=\"textwidget\">\n<h3 class=\"storytitle\">UNESCO 2016<\/h3>\n<p>UNESCO akzeptiert die Schenkung eines Bildes von Kristina. Das Bild h\u00e4ngt in der Bibliothek des \"Instituts f\u00fcr Lebenlanges Lernen\" in Hamburg. Dort wird eine Soloausstellung vom 22. Oktober 2015 bis zum 10. M\u00e4rz 2016 von Kristinas Kunst stattfinden. <br \/><a href=\"http:\/\/kristina-sretkova.com\/wordpress2015\/art\/nggallery\/standard\/unesco\" target=\"_blank\">Hier Album anschauen.<\/a><\/p>\n<p><strong>\u00a0 \u00a0 \u00a0 \u00a0 \u00a0 \u00a0 \u00a0 \u00a0 \u00a0 \u00a0 \u00a0 \u00a0 \u00a0 \u00a0 \u00a0 \u00a0 \u00a0 \u00a0 \u00a0 \u00a0 \u00a0 \u00a0 \u00a0 \u00a0 \u00a0 \u00a0 \u00a0 \u00a0 \u00a0 \u00a0 \u00a0 \u2022<\/strong><\/p>\n<\/div>\n<div class=\"textwidget\">\n<h3 class=\"storytitle\">GUANGZHOU \/ CHINA 2016<\/h3>\n<div class=\"storycontent\">\n<p>Kristina stellt f\u00fcr ein ganzes Jahr im GUANGDONG MUSEUM OF ART in dem Art Caf\u00e9 \"Fosweet Caf\u00e9\" in Guangzhou aus. <br \/><a href=\"http:\/\/kristina-sretkova.com\/wordpress2015\/art\/nggallery\/standard\/fosweet-cafe\" target=\"_blank\">Hier Album anschauen.<\/a><br \/><a href=\"http:\/\/www.gdmuseum.com\/english\/\" target=\"_blank\">www.gdmuseum.com<\/a><\/p>\n<p>\u00a0 \u00a0 \u00a0 \u00a0 \u00a0 \u00a0 \u00a0 \u00a0 \u00a0 \u00a0 \u00a0 \u00a0 \u00a0 \u00a0 \u00a0 \u00a0 \u00a0 \u00a0 \u00a0 \u00a0 \u00a0 \u00a0 \u00a0 \u00a0 \u00a0 \u00a0 \u00a0 \u00a0 \u00a0 \u00a0 \u00a0 \u2022<\/p>\n<p><center><\/center><\/p>\n<p><strong>ARTIST IN RESIDENCE AUF ZYPERN 2016<\/strong><\/p>\n<p>Mai 2016 wird Kristina wieder ihre Kunst auf Zypern in der GLAERIE KYPRIAKI GONIA, Larnaka kreieren. Sie ist vom Galeristen pers\u00f6nlich eingeladen, der auch einer ihrer Kunstsammler ist.<br \/><a href=\"http:\/\/www.gallerykypriakigonia.com.cy\/?p=5344\">www.gallerykypriakigonia.com.cy<\/a><\/p>\n<p>\u00a0<\/p>\n<\/div>\n<\/div>\n<\/div>\n<\/div>\n<\/div><\/div><\/div><\/div><\/div>","protected":false},"excerpt":{"rendered":"<p>SOLOAUSSTELLUNG IN DER\u00a0DEUTSCHEN BANK BERLIN\u00a020161. Mai \u2013 30. Juli 2016 Kristina hat eine Soloausstellung in der DEUTSCHEN BANK BERLIN, Filiale Otto-Suhr-Allee. Von 35 000 K\u00fcnstler in Berlin, davon 7 000 Maler, wurde sie eingeladen. Die Deutsche Bank zeigt immer zwei K\u00fcnstler pro Jahr.Fotos\u00a0hier anschauen.\u00a0\u00a0 \u00a0 \u00a0 \u00a0 \u00a0 \u00a0 \u00a0 \u00a0 \u00a0 \u00a0 \u00a0 \u00a0 &hellip; <a href=\"http:\/\/kristina-sretkova.com\/de\/\" class=\"more-link\"><span class=\"screen-reader-text\">AKTUELL<\/span> weiterlesen<\/a><\/p>\n","protected":false},"author":1,"featured_media":0,"parent":0,"menu_order":0,"comment_status":"open","ping_status":"open","template":"","meta":{"ngg_post_thumbnail":0,"footnotes":""},"class_list":["post-41","page","type-page","status-publish","hentry"],"_links":{"self":[{"href":"http:\/\/kristina-sretkova.com\/de\/wp-json\/wp\/v2\/pages\/41","targetHints":{"allow":["GET"]}}],"collection":[{"href":"http:\/\/kristina-sretkova.com\/de\/wp-json\/wp\/v2\/pages"}],"about":[{"href":"http:\/\/kristina-sretkova.com\/de\/wp-json\/wp\/v2\/types\/page"}],"author":[{"embeddable":true,"href":"http:\/\/kristina-sretkova.com\/de\/wp-json\/wp\/v2\/users\/1"}],"replies":[{"embeddable":true,"href":"http:\/\/kristina-sretkova.com\/de\/wp-json\/wp\/v2\/comments?post=41"}],"version-history":[{"count":49,"href":"http:\/\/kristina-sretkova.com\/de\/wp-json\/wp\/v2\/pages\/41\/revisions"}],"predecessor-version":[{"id":316,"href":"http:\/\/kristina-sretkova.com\/de\/wp-json\/wp\/v2\/pages\/41\/revisions\/316"}],"wp:attachment":[{"href":"http:\/\/kristina-sretkova.com\/de\/wp-json\/wp\/v2\/media?parent=41"}],"curies":[{"name":"wp","href":"https:\/\/api.w.org\/{rel}","templated":true}]}}