{"id":45,"date":"2015-06-23T16:27:41","date_gmt":"2015-06-23T14:27:41","guid":{"rendered":"http:\/\/kristina-sretkova.com\/wordpress2015\/de\/?page_id=45"},"modified":"2019-04-07T16:01:19","modified_gmt":"2019-04-07T14:01:19","slug":"bild-mieten","status":"publish","type":"page","link":"http:\/\/kristina-sretkova.com\/de\/bild-mieten\/","title":{"rendered":"BILD MIETEN"},"content":{"rendered":"<div id=\"pl-45\"  class=\"panel-layout\" ><div id=\"pg-45-0\"  class=\"panel-grid panel-no-style\" ><div id=\"pgc-45-0-0\"  class=\"panel-grid-cell\" ><div id=\"panel-45-0-0-0\" class=\"so-panel widget widget_black-studio-tinymce widget_black_studio_tinymce panel-first-child panel-last-child\" data-index=\"0\" ><div class=\"textwidget\"><p>Miete Bilder f\u00fcr Dein B\u00fcror\u00e4ume.<\/p>\n<div id=\"gt-res-c\" class=\"g-unit\">\n<div id=\"gt-res-p\">\n<div id=\"gt-res-data\">\n<div id=\"gt-res-wrap\">\n<div id=\"gt-res-content\" class=\"almost_half_cell\">\n<div dir=\"ltr\"><span class=\"\" lang=\"de\"><span class=\"\" lang=\"de\"> <span class=\"hps\">Der Preis<\/span> <span class=\"hps\">pro Monat<\/span> <span class=\"hps\">ist<\/span> <span class=\"hps\">von der Gr\u00f6\u00dfe<\/span> <span class=\"hps\">eines Bildes<\/span> <span class=\"hps\">wie folgt<\/span> <span class=\"hps\">abh\u00e4ngig<\/span>:<\/span><\/span><\/p>\n<p><span class=\"hps\">Breite cm<\/span> <span class=\"hps\">x H\u00f6he<\/span> <span class=\"hps\">cm :<\/span> <span class=\"hps\">240 =<\/span> <span class=\"hps\">monatliche Miete<\/span> <span class=\"hps\">in Euro<\/p>\n<p><\/span><\/p>\n<\/div>\n<\/div>\n<\/div>\n<\/div>\n<\/div>\n<\/div>\n<\/div><\/div><\/div><\/div><\/div>","protected":false},"excerpt":{"rendered":"<p>Miete Bilder f\u00fcr Dein B\u00fcror\u00e4ume. Der Preis pro Monat ist von der Gr\u00f6\u00dfe eines Bildes wie folgt abh\u00e4ngig:Breite cm x H\u00f6he cm : 240 = monatliche Miete in Euro<\/p>\n","protected":false},"author":1,"featured_media":0,"parent":0,"menu_order":0,"comment_status":"open","ping_status":"open","template":"","meta":{"ngg_post_thumbnail":0,"footnotes":""},"class_list":["post-45","page","type-page","status-publish","hentry"],"_links":{"self":[{"href":"http:\/\/kristina-sretkova.com\/de\/wp-json\/wp\/v2\/pages\/45","targetHints":{"allow":["GET"]}}],"collection":[{"href":"http:\/\/kristina-sretkova.com\/de\/wp-json\/wp\/v2\/pages"}],"about":[{"href":"http:\/\/kristina-sretkova.com\/de\/wp-json\/wp\/v2\/types\/page"}],"author":[{"embeddable":true,"href":"http:\/\/kristina-sretkova.com\/de\/wp-json\/wp\/v2\/users\/1"}],"replies":[{"embeddable":true,"href":"http:\/\/kristina-sretkova.com\/de\/wp-json\/wp\/v2\/comments?post=45"}],"version-history":[{"count":7,"href":"http:\/\/kristina-sretkova.com\/de\/wp-json\/wp\/v2\/pages\/45\/revisions"}],"predecessor-version":[{"id":319,"href":"http:\/\/kristina-sretkova.com\/de\/wp-json\/wp\/v2\/pages\/45\/revisions\/319"}],"wp:attachment":[{"href":"http:\/\/kristina-sretkova.com\/de\/wp-json\/wp\/v2\/media?parent=45"}],"curies":[{"name":"wp","href":"https:\/\/api.w.org\/{rel}","templated":true}]}}