{"id":51,"date":"2015-06-23T16:30:19","date_gmt":"2015-06-23T14:30:19","guid":{"rendered":"http:\/\/kristina-sretkova.com\/wordpress2015\/de\/?page_id=51"},"modified":"2019-12-14T13:12:07","modified_gmt":"2019-12-14T12:12:07","slug":"vita","status":"publish","type":"page","link":"http:\/\/kristina-sretkova.com\/de\/vita\/","title":{"rendered":"VITA"},"content":{"rendered":"<div id=\"pl-51\"  class=\"panel-layout\" ><div id=\"pg-51-0\"  class=\"panel-grid panel-no-style\" ><div id=\"pgc-51-0-0\"  class=\"panel-grid-cell\" ><div id=\"panel-51-0-0-0\" class=\"so-panel widget widget_sow-image panel-first-child panel-last-child\" data-index=\"0\" ><div\n\t\t\t\n\t\t\tclass=\"so-widget-sow-image so-widget-sow-image-default-8b5b6f678277-51\"\n\t\t\t\n\t\t>\n<div class=\"sow-image-container\">\n\t\t<img \n\tsrc=\"http:\/\/kristina-sretkova.com\/de\/wp-content\/uploads\/sites\/2\/2015\/06\/pic-1001.jpg\" width=\"667\" height=\"1000\" srcset=\"http:\/\/kristina-sretkova.com\/de\/wp-content\/uploads\/sites\/2\/2015\/06\/pic-1001.jpg 667w, http:\/\/kristina-sretkova.com\/de\/wp-content\/uploads\/sites\/2\/2015\/06\/pic-1001-200x300.jpg 200w\" sizes=\"(max-width: 667px) 100vw, 667px\" alt=\"\" \t\tclass=\"so-widget-image\"\/>\n\t<\/div>\n\n<\/div><\/div><\/div><div id=\"pgc-51-0-1\"  class=\"panel-grid-cell panel-grid-cell-mobile-last\" ><div id=\"panel-51-0-1-0\" class=\"so-panel widget widget_text panel-first-child panel-last-child\" data-index=\"1\" >\t\t\t<div class=\"textwidget\">Dipl. Medien-Designerin und K\u00fcnstlerin KRISTINA SRETKOVA\nwurde 1984 in Stockholm\/Schweden geboren, w\u00e4chst international auf und hat\ndeutsche und bulgarische Staatsb\u00fcrgerschaft. Lebt seit 2000 in Deutschland, \n2008 absolviert sie ihr Diplomabschluss als Medien-Designerin\nan der Rheinischen Fachhochschule K\u00f6ln. Die Kunst begleitet sie ihr Leben lang,\nihre Lehrer sind anerkannte K\u00fcnstler. Sie hat weltweit Kunstliebhaber\nin Europa, Nord- und S\u00fcdamerika, Russland, Asien und Afrika. Kristina malt ihre Werke\nin Deutschland, auf Zypern und in Bulgarien. Sie has bis heute 15 Auszeichnungen, 58 Soloausstellungen\nund 78 Gruppenausstellugen weltweit und ist Mitglied der Soci\u00e9t\u00e9 des Artistes Ind\u00e9pendants, Paris.\nHeute lebt und arbeitet sie in Berlin.\n<br \/>\n<br \/>\n<h3>STATEMENT<\/h3>\n\u201eW\u00e4hrend ich male singe ich, bin auf meine innere Welt fokussiert, h\u00f6re auf meine innere Stimme und sch\u00f6pfe\nIntuition, Rhythmus, Intelligenz und Inspiration von meiner Seele. Somit projiziere ich mein inneres Licht auf die Leinwand. \nIch empfinde die Farben wie unterschiedliche Frequenzen, die \u00fcber die sichtbare Realit\u00e4t hinausgehen.\n \nIch m\u00f6chte dem Betrachter Freude, Hoffnung, Optimismus, Dankbarkeit, Humor und\ndie F\u00e4higkeit zu lieben vermitteln, oder einfach dar\u00fcber nachzudenken und zu f\u00fchlen.\u201c\n<br \/>\nKristina Sretkova<\/div>\n\t\t<\/div><\/div><div id=\"pgc-51-0-2\"  class=\"panel-grid-cell panel-grid-cell-empty\" ><\/div><\/div><div id=\"pg-51-1\"  class=\"panel-grid panel-no-style\" ><div id=\"pgc-51-1-0\"  class=\"panel-grid-cell\" ><div id=\"panel-51-1-0-0\" class=\"so-panel widget widget_black-studio-tinymce widget_black_studio_tinymce panel-first-child panel-last-child\" data-index=\"2\" ><div class=\"textwidget\"><p><strong>EINZELAUSSTELLUNGEN<\/strong><\/p>\n<table>\n<tbody>\n<tr>\n<td style=\"width: 60px;\"><strong>2019<\/strong><\/td>\n<td>\n<p>\u2022 Affordable Art Fair NYC, Fr\u00fchling <br \/>\u2022 Asia Contemporary Art Show Hong Kong, Fr\u00fchling<br \/>\u2022 Shanghai Art Fair <br \/>\u2022 Asia Contemporary Art Show Hong Kong, Herbst<br \/>\u2022 Art Plus Shanghai<br \/>\u2022 Shenzhen International Art Fair<\/p>\n<\/td>\n<\/tr>\n<\/tbody>\n<\/table>\n<table>\n<tbody>\n<tr>\n<td style=\"width: 60px;\"><strong>2018<\/strong><\/td>\n<td>\n<p>\u2022 Buchpr\u00e4sentation \u201eWie und Warum China\u201c, Autor B. Sretkov<br \/>\u2022 Tokyo Art International, Japan<br \/>\u2022 Art International Zurich, Schweiz<br \/>\u2022 Asia Contemporara Art Show Hong Kong, Hebst<br \/>\u2022 Affordable Art Fair NYC, Fall, USA<br \/>\u2022 Shenzhen International Art Fair, China<br \/>\u2022 Rechtsanw\u00e4lte C. M.-Engelmann &amp; Dr. F. Engelmann, Oranienburg<br \/>\u2022 Privates Museum in Shanghai<\/p>\n<\/td>\n<\/tr>\n<\/tbody>\n<\/table>\n<table>\n<tbody>\n<tr>\n<td style=\"width: 60px;\"><strong>2017<\/strong><\/td>\n<td>\n<p>\u2022 Asia Contemporary Art Show Singapore, Singapur<br \/>\u2022 Affordable Art Fair NYC, Fr\u00fchling<br \/>\u2022 Affordable Art Fair Singapore, Fr\u00fchling<br \/>\u2022 Affordable Art Fair Hong Kong, Fr\u00fchling<br \/>\u2022 Shanghai Art Fair, China<\/p>\n<\/td>\n<\/tr>\n<\/tbody>\n<\/table>\n<table>\n<tbody>\n<tr>\n<td style=\"width: 60px;\"><strong>2016<\/strong><\/td>\n<td>\n<p>\u2022 Art Fair Shenzhen, China<br \/>\u2022 Town Hall Hohen Neuendorf, Berlin<br \/>\u2022 Asia Contemporary Art Show Hong Kong, Herbst<br \/>\u2022 Art China, Peking<br \/>\u2022 Gallerie am Lindenhof, Z\u00fcrich, Schweiz<br \/>\u2022 Historischer Hous von Drof. Axinia Djurova, Samokov, Bulgarien<br \/>\u2022 Deutsche Bank Berlin, Germany<br \/>\u2022 World Art Dubai<br \/>\u2022 Asia Contemporary Art Show Hong Kong, Fr\u00fchling<br \/>\u2022 Helston Spa Hotel, Guangzhou, China<br \/>\u2022 Fosweet Caffee, Guangdong Museum, Guangzhou, China<br \/> \u2022 UNESCO, Hamburg<\/p>\n<\/td>\n<\/tr>\n<\/tbody>\n<\/table>\n<table>\n<tbody>\n<tr>\n<td style=\"width: 60px;\"><strong>2015<\/strong><\/td>\n<td>\n<p>\u2022 Guangzhou International Art Fair<br \/> \u2022 Art Canton, Guangzhou<br \/> \u2022 Galerie am Lindenhof Z\u00fcrich<br \/> \u2022 Galerie Steiner Wien<br \/> \u2022 ACAS Hong Kong<br \/> \u2022 Evangelisches Johanesstift Berlin<br \/> \u2022 Berlin Capital Club<\/p>\n<\/td>\n<\/tr>\n<tr>\n<td style=\"width: 60px;\"><strong>\u00a02014<\/strong><\/td>\n<td>\n<p>\u2022 Internationale Kunstmesse Z\u00fcrich<br \/> \u2022 Galerie LIK, Sofia<br \/> \u2022 Schloss Torgelow, M\u00fcritz See<br \/> \u2022 Stiftung Talat Alaiyan, Berlin<\/p>\n<\/td>\n<\/tr>\n<tr>\n<td>\u00a0<strong>2013<\/strong><\/td>\n<td>\n<p>\u2022 ArtiFact Galerie, New York City<br \/> \u2022 Internationale Kunstmesse Z\u00fcrich<br \/> \u2022 Kronen Galerie, Z\u00fcrich<br \/> \u2022 Warburg Realty, New York City<br \/> \u2022 Gallery de l'Europe, Paris<\/p>\n<\/td>\n<\/tr>\n<tr>\n<td><strong>\u00a02012<\/strong><\/td>\n<td>\n<p>\u2022 Kypriaki Gonia Galerie &amp; Hilton Hotel, Zypern<br \/> \u2022 Internationale Kunstmesse Z\u00fcrich<br \/> \u2022 Kronen Galerie, Z\u00fcrich<br \/> \u2022 BKI-Galerie, Berlin<br \/> \u2022 Warburg Realty Ltd., New York City<\/p>\n<\/td>\n<\/tr>\n<tr>\n<td><strong>\u00a02011<\/strong><\/td>\n<td>\n<p>\u2022 Kypriaki Gonia Galerie, Zypern<br \/> \u2022 Galerie LIK, Sofia<br \/> \u2022 Broadway Galerie New York City<\/p>\n<\/td>\n<\/tr>\n<tr>\n<td><strong>\u00a02010<\/strong><\/td>\n<td>\n<p>\u2022 Fred Fargo Galerie, Berlin<\/p>\n<\/td>\n<\/tr>\n<tr>\n<td><strong>\u00a02009<\/strong><\/td>\n<td>\u2022 Doster Ltd., Sofia<\/td>\n<\/tr>\n<tr>\n<td>\u00a0<\/td>\n<td>\u00a0<\/td>\n<\/tr>\n<\/tbody>\n<\/table>\n<p>\u00a0<\/p>\n<\/div><\/div><\/div><div id=\"pgc-51-1-1\"  class=\"panel-grid-cell\" ><div id=\"panel-51-1-1-0\" class=\"so-panel widget widget_black-studio-tinymce widget_black_studio_tinymce panel-first-child panel-last-child\" data-index=\"3\" ><div class=\"textwidget\"><p><strong>GRUPPENAUSSTELLUNGEN<\/strong><\/p>\n<table>\n<tbody>\n<tr>\n<td style=\"width: 60px;\"><strong>2019<\/strong><\/td>\n<td>\n<p>\u2022 Affordable Art Fair Singapore <br \/>\u2022 Blue Ocean Fine Art Gallery, Singapur<br \/>\u2022 Bravo Art Groub, Shenzhen, China<br \/>\u2022 National Base for International Cultural Trade, Shanghai, China<\/p>\n<\/td>\n<\/tr>\n<\/tbody>\n<\/table>\n<table>\n<tbody>\n<tr>\n<td style=\"width: 60px;\"><strong>2018<\/strong><\/td>\n<td>\n<p>\u2022 Affordable Art Fair Stockholm, Herbst, Schweden<br \/>\u2022 Shanghai Art Fair, China<br \/>\u2022 Affordable Art Fair Singapore, Herbst, Singapur<br \/>\u2022 Bravo Art Group, Shenzhen<\/p>\n<\/td>\n<\/tr>\n<\/tbody>\n<\/table>\n<table>\n<tbody>\n<tr>\n<td style=\"width: 60px;\"><strong>2017<\/strong><\/td>\n<td>\n<p>\u2022 Asia Contemporary Art Show Singapore, Singapur<br \/>\u2022 Affordable Art Fair NYC, Fr\u00fchling, USA<br \/>\u2022 Affordable Art Fair Singapore, Fr\u00fchling, Singapur<br \/>\u2022 Affordable Art Fair Hong Kong, Fr\u00fchling<br \/>\u2022 Shanghai Art Fair, China<br \/>\u2022 Blink Gallery, Hong Kong<\/p>\n<p>\u00a0<\/p>\n<\/td>\n<\/tr>\n<\/tbody>\n<\/table>\n<table>\n<tbody>\n<tr>\n<td style=\"width: 60px;\"><strong>2016<\/strong><\/td>\n<td>\n<p>\u2022 Art Shanghai, China<br \/>\u2022 Blink Gallery Hong Kong<br \/>\u2022 Kypriaki Gonia Gallerie, Larnaka, Zypern<br \/> \u2022 Affordable Art Fair Singapore, Fr\u00fchling<\/p>\n<\/td>\n<\/tr>\n<\/tbody>\n<\/table>\n<table>\n<tbody>\n<tr>\n<td style=\"width: 60px;\"><strong>2015<\/strong><\/td>\n<td>\n<p>\u2022 Art en Capital, Grand Palais, Paris<br \/> \u2022 Art Week Budapest<br \/> \u2022 ACAS Hong Kong, Blink Galerie<br \/> \u2022 Blink Gallery Hong Kong<br \/> \u2022 Art Week London<br \/> \u2022 Franz\u00f6sisch-Chinesische Kunstassoziation Peking<br \/> \u2022 Blink Galerie Hong Kong<br \/> \u2022 AAF Singapur, Forest Rain Galerie<br \/> \u2022 Art Week Moskau<br \/> \u2022 Art Week Sofia<\/p>\n<\/td>\n<\/tr>\n<tr>\n<td style=\"width: 60px;\"><strong>\u00a02014<\/strong><\/td>\n<td>\n<p>\u2022 1949 Xinhua Culture Park, Peking<br \/>\u2022 Art en Capital, Grand Palais, Paris<br \/>\u2022 AAF Singapur<br \/>\u2022 Art Week St. Petersburg<br \/>\u2022 Kypriaki Gonia Galerie, Zypern<br \/>\u2022 Art China, Peking<br \/>\u2022 Art Week and Art Fair Moscow<br \/>\u2022 AAF Hong Kong<\/p>\n<\/td>\n<\/tr>\n<tr>\n<td>\u00a0<strong>2013<\/strong><\/td>\n<td>\n<p>\u2022 Art en Capital, Grand Palais, Paris<br \/>\u2022 AAF Singapur<br \/>\u2022 Art Week Moscow<br \/>\u2022 \u00e1 l\u2019Espace Pierre Cardin, Paris<br \/>\u2022 Art Festival of SongChuang, China<br \/>\u2022 Allee Artist Franco-Chinose, Peking<br \/>\u2022 Seoul, S\u00fcd Korea<br \/>\u2022 Montserrat Art Galerie, NewYork City<br \/>\u2022 Kypriaki Gonia Galerie, Zypern<br \/>\u2022 Art Week St. Petersburg<br \/>\u2022 Art Beijing 2013<br \/>\u2022 Art Monaco 13<br \/>\u2022 Art Week Berlin<br \/>\u2022 AAF Hong Kong<br \/>\u2022 Forest Rain Galerie, Singapur<br \/>\u2022 American Club, Singapur<br \/>\u2022 Gagliardi Galerie, London<\/p>\n<\/td>\n<\/tr>\n<tr>\n<td><strong>\u00a02012<\/strong><\/td>\n<td>\n<p>\u2022 \"Spiritualita\", Palazzo Pontificio, Rom<br \/>\u2022 Salon Art en Capital, Grand Palais Paris<br \/>\u2022 Amsterdam Whitney Galerie, NYC<br \/>\u2022 Chianciano International Art Award, Italien<br \/>\u2022 \u201cUnlimited Potentional\u2026 Earth Vortice\u201d Ferrara<br \/>\u2022 Art Week Madrid<br \/>\u2022 \u201cK\u00fcnstlerische Freiheit\u201d Erlangen<br \/>\u2022 Kleiner Prinz Galerie, Baden-Baden <br \/>\u2022 \u201cSpirit of Vienna\u201d MOYA-Museum, Wien<br \/>\u2022 \u201cLitmitless Expressions\u201d, Toronto<br \/>\u2022 Museum of Fine Arts Las Vegas <br \/>\u2022 Art Expo NYC<br \/>\u2022 Art Week Berlin<\/p>\n<\/td>\n<\/tr>\n<tr>\n<td><strong>\u00a02011<\/strong><\/td>\n<td>\n<p>\u2022 Biennale Florence\u00a0 <br \/>\u2022\u00a0 \u201cSymphony of Colors\u201d Florenz <br \/>\u2022 Galerie Kleiner Prinz, Baden-Baden<br \/>\u2022\u00a0 Art Week Sofia\u00a0 <br \/>\u2022\u00a0 Art Week Moscow<br \/>\u2022 Art Week Berlin\u00a0 <br \/>\u2022\u00a0 Broadway Galerie New York City<\/p>\n<\/td>\n<\/tr>\n<tr>\n<td><strong>\u00a02010<\/strong><\/td>\n<td>\n<p>\u2022 Berliner Liste, Berlin<\/p>\n<\/td>\n<\/tr>\n<tr>\n<td><strong>\u00a02009<\/strong><\/td>\n<td>\u2022 Doster Ltd., Sofia<\/td>\n<\/tr>\n<tr>\n<td>\u00a0<\/td>\n<td>\u00a0<\/td>\n<\/tr>\n<\/tbody>\n<\/table>\n<p>\u00a0<\/p>\n<\/div><\/div><\/div><div id=\"pgc-51-1-2\"  class=\"panel-grid-cell\" ><div id=\"panel-51-1-2-0\" class=\"so-panel widget widget_text panel-first-child panel-last-child\" data-index=\"4\" >\t\t\t<div class=\"textwidget\"><br \/>\nKRISTINAS KUNST WIRD PR\u00c4SENTIERT VON\n<br \/>\n<br \/>\nMitglied in Soci\u00e9t\u00e9 des Artistes Ind\u00e9pendants, Paris\n<br \/>\nAssociation Artistique Franco-Chinoise TS, China\n<br \/>\nBlink Gallery, Hong Kong\n<br \/>\nStiftung \u201cKunst der Zukunft\u201d, Moskau\n<br \/>\nGalerie LIK, Sofia, Bulgarien\n<br \/>\nGalerie Kypriaki Gonia, Zypern\n<br \/>\nBravo Art Group, Shenzhen, China\n<br \/>\nBlue Ocean Fine Art Gallery, Singapur\n\n\n<\/div>\n\t\t<\/div><\/div><\/div><\/div>","protected":false},"excerpt":{"rendered":"<p>Dipl. Medien-Designerin und K\u00fcnstlerin KRISTINA SRETKOVA wurde 1984 in Stockholm\/Schweden geboren, w\u00e4chst international auf und hat deutsche und bulgarische Staatsb\u00fcrgerschaft. Lebt seit 2000 in Deutschland, 2008 absolviert sie ihr Diplomabschluss als Medien-Designerin an der Rheinischen Fachhochschule K\u00f6ln. Die Kunst begleitet sie ihr Leben lang, ihre Lehrer sind anerkannte K\u00fcnstler. Sie hat weltweit Kunstliebhaber in Europa, &hellip; <a href=\"http:\/\/kristina-sretkova.com\/de\/vita\/\" class=\"more-link\"><span class=\"screen-reader-text\">VITA<\/span> weiterlesen<\/a><\/p>\n","protected":false},"author":1,"featured_media":0,"parent":0,"menu_order":0,"comment_status":"open","ping_status":"open","template":"","meta":{"ngg_post_thumbnail":0,"footnotes":""},"class_list":["post-51","page","type-page","status-publish","hentry"],"_links":{"self":[{"href":"http:\/\/kristina-sretkova.com\/de\/wp-json\/wp\/v2\/pages\/51","targetHints":{"allow":["GET"]}}],"collection":[{"href":"http:\/\/kristina-sretkova.com\/de\/wp-json\/wp\/v2\/pages"}],"about":[{"href":"http:\/\/kristina-sretkova.com\/de\/wp-json\/wp\/v2\/types\/page"}],"author":[{"embeddable":true,"href":"http:\/\/kristina-sretkova.com\/de\/wp-json\/wp\/v2\/users\/1"}],"replies":[{"embeddable":true,"href":"http:\/\/kristina-sretkova.com\/de\/wp-json\/wp\/v2\/comments?post=51"}],"version-history":[{"count":94,"href":"http:\/\/kristina-sretkova.com\/de\/wp-json\/wp\/v2\/pages\/51\/revisions"}],"predecessor-version":[{"id":339,"href":"http:\/\/kristina-sretkova.com\/de\/wp-json\/wp\/v2\/pages\/51\/revisions\/339"}],"wp:attachment":[{"href":"http:\/\/kristina-sretkova.com\/de\/wp-json\/wp\/v2\/media?parent=51"}],"curies":[{"name":"wp","href":"https:\/\/api.w.org\/{rel}","templated":true}]}}