{"id":59,"date":"2015-06-23T18:30:06","date_gmt":"2015-06-23T16:30:06","guid":{"rendered":"http:\/\/kristina-sretkova.com\/wordpress2015\/de\/?page_id=59"},"modified":"2016-02-05T11:38:43","modified_gmt":"2016-02-05T10:38:43","slug":"frankreich","status":"publish","type":"page","link":"http:\/\/kristina-sretkova.com\/de\/kunstkritik\/frankreich\/","title":{"rendered":"FRANKREICH"},"content":{"rendered":"<div id=\"pl-59\"  class=\"panel-layout\" ><div id=\"pg-59-0\"  class=\"panel-grid panel-no-style\" ><div id=\"pgc-59-0-0\"  class=\"panel-grid-cell\" ><div id=\"panel-59-0-0-0\" class=\"so-panel widget widget_black-studio-tinymce widget_black_studio_tinymce panel-first-child panel-last-child\" data-index=\"0\" ><h3 class=\"widget-title\">CHANTAL LORA \u00dcBER KRISTINAS KUNST<\/h3><div class=\"textwidget\"><p><strong>Kristina Sretkova, der Klang der Emotionen<\/strong><\/p>\n<p><em>\u201eDie von Kristina realisierten Arbeiten sind ein vollkommener Ausdruck einer lyrischen Abstraktion, die uns einen starken Glauben an Leben und Natur geben. Die Komposition ist kraftvoll, farbenpr\u00e4chtig, die Farben gehen von Pink, Rot, Orange zu Blau, Rot und auch Schwarz \u00fcber und senden eien Art von magischer Freiheit und Lebensfreude aus. Die K\u00fcnstlerin erz\u00e4hlt uns durch ihre Werke \u00fcber ihre innere Welt, sie m\u00f6chte ihre pers\u00f6nlichen Seelen- und Lebensemotionen mit dem Beobachter teilen: Liebe, Kraft, Energie, Sinnlichkeit, Erotik... . Hell und Dunkel sind in einer sehr magischen Komposition gestaltet, die ihr Studium in Media Design und die Inspiration von den Nationalit\u00e4ten erkennen lassen, mit denen sie gelebt hat. Eine gro\u00dfartige Symphonie der Farben, die uns einen harmonischen Klang der Lebensemotionen bietet.\"<\/em><\/p>\n<p>Chantal Lora, Direktor<\/p>\n<p>Monteoliveto Gallery, Nizza, Frankreich, 2013<\/p>\n<\/div><\/div><\/div><\/div><\/div>","protected":false},"excerpt":{"rendered":"<p>Kristina Sretkova, der Klang der Emotionen\u201eDie von Kristina realisierten Arbeiten sind ein vollkommener Ausdruck einer lyrischen Abstraktion, die uns einen starken Glauben an Leben und Natur geben. Die Komposition ist kraftvoll, farbenpr\u00e4chtig, die Farben gehen von Pink, Rot, Orange zu Blau, Rot und auch Schwarz \u00fcber und senden eien Art von magischer Freiheit und Lebensfreude &hellip; <a href=\"http:\/\/kristina-sretkova.com\/de\/kunstkritik\/frankreich\/\" class=\"more-link\"><span class=\"screen-reader-text\">FRANKREICH<\/span> weiterlesen<\/a><\/p>\n","protected":false},"author":1,"featured_media":0,"parent":16,"menu_order":0,"comment_status":"open","ping_status":"open","template":"","meta":{"ngg_post_thumbnail":0,"footnotes":""},"class_list":["post-59","page","type-page","status-publish","hentry"],"_links":{"self":[{"href":"http:\/\/kristina-sretkova.com\/de\/wp-json\/wp\/v2\/pages\/59","targetHints":{"allow":["GET"]}}],"collection":[{"href":"http:\/\/kristina-sretkova.com\/de\/wp-json\/wp\/v2\/pages"}],"about":[{"href":"http:\/\/kristina-sretkova.com\/de\/wp-json\/wp\/v2\/types\/page"}],"author":[{"embeddable":true,"href":"http:\/\/kristina-sretkova.com\/de\/wp-json\/wp\/v2\/users\/1"}],"replies":[{"embeddable":true,"href":"http:\/\/kristina-sretkova.com\/de\/wp-json\/wp\/v2\/comments?post=59"}],"version-history":[{"count":4,"href":"http:\/\/kristina-sretkova.com\/de\/wp-json\/wp\/v2\/pages\/59\/revisions"}],"predecessor-version":[{"id":224,"href":"http:\/\/kristina-sretkova.com\/de\/wp-json\/wp\/v2\/pages\/59\/revisions\/224"}],"up":[{"embeddable":true,"href":"http:\/\/kristina-sretkova.com\/de\/wp-json\/wp\/v2\/pages\/16"}],"wp:attachment":[{"href":"http:\/\/kristina-sretkova.com\/de\/wp-json\/wp\/v2\/media?parent=59"}],"curies":[{"name":"wp","href":"https:\/\/api.w.org\/{rel}","templated":true}]}}